{"id":568,"date":"2019-08-16T18:05:41","date_gmt":"2019-08-16T16:05:41","guid":{"rendered":"https:\/\/elena-harsanyi.de\/?page_id=568"},"modified":"2019-09-06T17:11:23","modified_gmt":"2019-09-06T15:11:23","slug":"datenschutz","status":"publish","type":"page","link":"https:\/\/elena-harsanyi.de\/de\/datenschutz\/","title":{"rendered":"Datenschutz"},"content":{"rendered":"\n<p>Verantwortliche Stelle im Sinne der Datenschutzgesetze, insbesondere der EU-Datenschutzgrundverordnung (DSGVO):<\/p>\n<p>Elena Hars\u00e1nyi <br \/>Connollystr. 25 <br \/>80809 M\u00fcnchen<br \/><br \/>E-Mail: kontakt@elena-harsanyi.de<\/p>\n<h2>Sicherheit und Schutz Ihrer Daten<\/h2>\n<p>Wir betrachten es als unsere vorrangige Aufgabe, die Vertraulichkeit der von Ihnen bereitgestellten personenbezogenen Daten zu wahren und diese vor unbefugten Zugriffen zu sch\u00fctzen. Deshalb wenden wir \u00e4u\u00dferste Sorgfalt und modernste Sicherheitsstandards an, um einen maximalen Schutz Ihrer personenbezogenen Daten zu gew\u00e4hrleisten.<\/p>\n<p>Als privatrechtliches Unternehmen unterliegen wir den Bestimmungen der europ\u00e4ischen Datenschutzgrundverordnung (DSGVO) und den Regelungen des Bundesdatenschutzgesetzes (BDSG). Wir haben technische und organisatorische Ma\u00dfnahmen getroffen, die sicherstellen, dass die Vorschriften \u00fcber den Datenschutz sowohl von uns, als auch von unseren externen Dienstleistern beachtet werden.<\/p>\n<h2>Rechtm\u00e4\u00dfigkeit der Verarbeitung<\/h2>\n<p>Die Verarbeitung personenbezogener Daten ist nur rechtm\u00e4\u00dfig, wenn f\u00fcr die Verarbeitung eine Rechtsgrundlage besteht. Rechtsgrundlage f\u00fcr die Verarbeitung k\u00f6nnen gem\u00e4\u00df Artikel 6 Abs. 1 \u00a0lit. 1 \u2013 6 DSGVO insbesondere sein:<\/p>\n<ol>\n<li>Die betroffene Person hat ihre Einwilligung zu der Verarbeitung der sie betreffenden personenbezogenen Daten f\u00fcr einen oder mehrere bestimmte Zwecke gegeben;<\/li>\n<li>die Verarbeitung ist f\u00fcr die Erf\u00fcllung eines Vertrags, dessen Vertragspartei die betroffene Person ist, oder zur Durchf\u00fchrung vorvertraglicher Ma\u00dfnahmen erforderlich, die auf Anfrage der betroffenen Person erfolgen;<\/li>\n<li>die Verarbeitung ist zur Erf\u00fcllung einer rechtlichen Verpflichtung erforderlich, der der Verantwortliche unterliegt;<\/li>\n<li>die Verarbeitung ist erforderlich, um lebenswichtige Interessen der betroffenen Person oder einer anderen nat\u00fcrlichen Person zu sch\u00fctzen;<\/li>\n<li>die Verarbeitung ist f\u00fcr die Wahrnehmung einer Aufgabe erforderlich, die im \u00f6ffentlichen Interesse liegt oder in Aus\u00fcbung \u00f6ffentlicher Gewalt erfolgt, die dem Verantwortlichen \u00fcbertragen wurde;<\/li>\n<li>die Verarbeitung ist zur Wahrung der berechtigten Interessen des Verantwortlichen oder eines Dritten erforderlich, sofern nicht die Interessen oder Grundrechte und Grundfreiheiten der betroffenen Person, die den Schutz personenbezogener Daten erfordern, \u00fcberwiegen, insbesondere dann, wenn es sich bei der betroffenen Person um ein Kind handelt.<\/li>\n<\/ol>\n<h2>\u00a0<\/h2>\n<h2>Erhebung von Daten bei Nutzung unserer Website<\/h2>\n<p>Bei der rein informatorischen Nutzung der Website, also wenn Sie sich nicht registrieren oder uns anderweitig Informationen \u00fcbermitteln, erheben wir nur die personenbezogenen Daten, die Ihr Browser an unseren Server \u00fcbermittelt. Wenn Sie unsere Website betrachten m\u00f6chten, erheben wir die folgenden Daten, die f\u00fcr uns technisch erforderlich sind, um Ihnen unsere Website anzuzeigen und die Stabilit\u00e4t und Sicherheit zu gew\u00e4hrleisten (Rechtsgrundlage ist Art. 6 Abs. 1 S. 1 lit. f DSGVO):<\/p>\n<ul>\n<li>IP-Adresse<\/li>\n<li>Datum und Uhrzeit der Anfrage<\/li>\n<li>Zeitzonendifferenz zur Greenwich Mean Time (GMT)<\/li>\n<li>Inhalt der Anforderung (konkrete Seite)<\/li>\n<li>Zugriffsstatus\/HTTP-Statuscode<\/li>\n<li>jeweils \u00fcbertragene Datenmenge<\/li>\n<li>Website, von der die Anforderung kommt<\/li>\n<li>Browser<\/li>\n<li>Betriebssystem und dessen Oberfl\u00e4che<\/li>\n<li>Sprache und Version der Browsersoftware.<\/li>\n<\/ul>\n<h2>\u00a0<\/h2>\n<h2>SSL-Verschl\u00fcsselung<\/h2>\n<p>Um die Sicherheit Ihrer Daten bei der \u00dcbertragung zu sch\u00fctzen, verwenden wir dem aktuellen Stand der Technik entsprechende Verschl\u00fcsselungsverfahren wie SSL \u00fcber HTTPS.<strong>\u00a0<\/strong><\/p>\n<p>\u00a0<\/p>\n<h2>Erweiterte Funktionen und Angebote unserer Website<\/h2>\n<p>(1) Neben der rein informatorischen Nutzung unserer Website bieten wir verschiedene Leistungen an, die Sie bei Interesse nutzen k\u00f6nnen. Dazu m\u00fcssen Sie in der Regel weitere personenbezogene Daten angeben, die wir zur Erbringung der jeweiligen Leistung nutzen und f\u00fcr die die zuvor genannten Grunds\u00e4tze zur Datenverarbeitung gelten.<\/p>\n<p>(2) Teilweise bedienen wir uns zur Verarbeitung Ihrer Daten externer Dienstleister. Diese wurden von uns sorgf\u00e4ltig ausgew\u00e4hlt und beauftragt, sind an unsere Weisungen gebunden und werden regelm\u00e4\u00dfig kontrolliert.<\/p>\n<p>(3) Weiterhin k\u00f6nnen wir Ihre personenbezogenen Daten an Dritte weitergeben, wenn Aktionsteilnahmen, Gewinnspiele, Vertragsabschl\u00fcsse oder \u00e4hnliche Leistungen von uns gemeinsam mit Partnern angeboten werden. N\u00e4here Informationen hierzu erhalten Sie bei Angabe Ihrer personenbezogenen Daten oder untenstehend in der Beschreibung des Angebotes.<\/p>\n<p>(4) Soweit unsere Dienstleister oder Partner ihren Sitz in einem Staat au\u00dferhalb des Europ\u00e4ischen Wirtschaftsraumen (EWR) haben, informieren wir Sie \u00fcber die Folgen dieses Umstands in der Beschreibung des Angebotes.<\/p>\n<h2>Cookies<\/h2>\n<p>Bei der Nutzung unserer Website werden Cookies auf Ihrem Rechner gespeichert. Bei Cookies handelt es sich um kleine Textdateien, die auf Ihrer Festplatte dem von Ihnen verwendeten Browser zugeordnet gespeichert werden und durch welche der Stelle, die den Cookie setzt, bestimmte Informationen zuflie\u00dfen. Cookies k\u00f6nnen keine Programme ausf\u00fchren oder Viren auf Ihren Computer \u00fcbertragen. Sie dienen dazu, das Internetangebot insgesamt nutzerfreundlicher und effektiver zu machen.<\/p>\n<p>Sie k\u00f6nnen unsere Website grunds\u00e4tzlich auch ohne Cookies betrachten. Internet-Browser sind regelm\u00e4\u00dfig so eingestellt, dass sie Cookies akzeptieren. Im Allgemeinen k\u00f6nnen Sie die Verwendung von Cookies jederzeit \u00fcber die Einstellungen Ihres Browsers deaktivieren. Au\u00dferdem empfehlen wir, regelm\u00e4\u00dfig Ihre Cookies und den Browser-Verlauf manuell zu l\u00f6schen.<\/p>\n<h2>Kontaktformular<\/h2>\n<p>Treten Sie per E-Mail oder Kontaktformular mit uns in Verbindung, erteilen Sie uns zum Zwecke der Kontaktaufnahme Ihre freiwillige Einwilligung. Hierf\u00fcr ist die Angabe einer validen E-Mail-Adresse erforderlich. Diese dient der Zuordnung der Anfrage und der anschlie\u00dfenden Beantwortung derselben. Die gemachten Angaben werden zum Zwecke der Bearbeitung der Anfrage sowie f\u00fcr eventuelle Anschlussfragen gespeichert. Ihr Angaben k\u00f6nnen auch in einem Customer-Relationship-Management System (CRM System) gespeichert werden.<\/p>\n<p>Nach Erledigung der von Ihnen gestellten Anfrage, werden personenbezogene Daten gel\u00f6scht.<\/p>\n<h2>google Webfonts \u2013 Scriptbibliotheken<\/h2>\n<p>Um die Inhalte unserer Website ansprechend darzustellen, verwenden wir Schriftbibliotheken von Google Webfonts (<a href=\"http:\/\/www.google.com\/webfonts\/%22%20%5Ct%20%22_blank\">https:\/\/www.google.com\/webfonts\/<\/a>). Diese Webfonts werden zur Vermeidung mehrfachen Ladens in den Cache Ihres Browsers \u00fcbertragen. Falls der Browser die Google Webfonts nicht unterst\u00fctzt oder den Zugriff unterbindet, werden Inhalte in einer Standardschrift angezeigt.<\/p>\n<p>Datenschutzrichtlinie des Betreibers: <a href=\"https:\/\/www.google.com\/policies\/privacy\/%22%20%5Ct%20%22_blank\">https:\/\/www.google.com\/policies\/privacy\/<\/a><\/p>\n<p>\u00a0<\/p>\n<h2>YouTube Videos<\/h2>\n<p>Auf unserer Webseiten sind YouTube Videos eingebettet.<br \/>Betreiber des Plugins ist YouTube, 901 Cherry Ave., San Bruno, CA 94066 USA. Durch Verwendung des YouTube-Plugins, wird eine Verbindung zu Servern von YouTube hergestellt. Dabei wird YouTube mitgeteilt, welche Seite Sie besuchen. Wenn Sie in Ihrem YouTube Account angemeldet sind, kann YouTube Ihr Surfverhalten Ihnen zuzuordnen. Melden Sie sich von Ihrem Youtube-Account ab, um dies zu verhindern.<\/p>\n<p>Wird ein Youtube-Video gestartet, setzt der Anbieter Cookies ein, die Hinweise \u00fcber das Nutzerverhalten sammeln.<\/p>\n<p>Wenn Sie das Speichern von Cookies f\u00fcr das Google-Ad-Programm deaktiviert haben, wird auch beim Anschauen von Youtube-Videos kein Cookie gespeichert. YouTube legt auch in anderen Cookies nicht personenbezogene Nutzungsinformationen ab. M\u00f6chten Sie dies verhindern, so m\u00fcssen Sie das Speichern von Cookies im Browser blockieren.<\/p>\n<p>Weitere Informationen zum Datenschutz bei \u201eYouTube\u201c finden Sie in der Datenschutzerkl\u00e4rung des Anbieters:\u00a0<u>https:\/\/www.google.de\/intl\/de\/policies\/privacy\/<\/u><\/p>\n<h2>Tracking<\/h2>\n<p class=\"p1\"><span class=\"s1\">Zur statistischen Erfassung und Auswertung der Nutzerstr\u00f6me speichert diese Website anonymisierte Nutzerdaten wie die IP Adresse \u00fcber das WordPress Plugin \u201eWP-Statistics\u201c. Die Daten werden nicht an Dritte weitergegeben. Die Im Rahmen des Tracking \u00fcbermittelten anonymisierten IP-Adressen werden nicht mit anderen Daten zusammengef\u00fchrt.<\/span><\/p>\n<ol>\n<li>\u00a0<\/li>\n<\/ol>\n<h2>Nutzung der Website durch Kinder<\/h2>\n<p>Unser Angebot richtet sich an Erwachsene. Personen unter 18 Jahren sollen ohne Zustimmung der Eltern oder Erziehungsberechtigten keine personenbezogenen Daten an uns \u00fcbermitteln.<\/p>\n<h2>\u00a0<\/h2>\n<h2>Erhebung von Daten f\u00fcr Agentur-Dienstleistungen<\/h2>\n<p>Wir verarbeiten Daten unserer Kunden im Rahmen vertraglicher Leistungen zu denen ua. konzeptionelle und strategische Beratung, Design, Web- und Softwarentwicklung, Serveradministration, Datenanalyse, Entwicklung und Umsetzung von Kampagnen, Suchmaschinenoptimierung, Beratungsleistungen und Schulungen geh\u00f6ren.<\/p>\n<p>Bei der Erbringung unsere Leistungen verarbeiten wir Kunden-und Bestandsdaten. Dazu z\u00e4hlen Kundendaten, wie Namen oder Adressen, Kontaktdaten wie E-Mail und Telefonnummern, Inhaltsdaten wie Texte, Fotografien und Videos, Vertragsdaten wie Vertragsgegenstand und Laufzeiten, Zahlungsdaten wie Bankverbindung und Zahlungshistorie, Nutzungs- und Metadaten im Rahmen der Auswertung und Erfolgsmessung von Marketingma\u00dfnahmen. <br \/>Besondere personenbezogener Daten verarbeiten wir grunds\u00e4tzlich nicht, au\u00dfer wenn diese Bestandteil einer beauftragten Verarbeitung sind. Zu den Betroffenen geh\u00f6ren unsere Kunden, Interessenten sowie deren Kunden, Nutzer, Websitebesucher oder Mitarbeiter sowie Dritte. Der Zweck der Verarbeitung besteht in der Erbringung von Vertragsleistungen, Abrechnung und unserem Kundenservice. Die Rechtsgrundlagen der Verarbeitung ergeben sich aus Art. 6 Abs. 1 lit. b DSGVO (vertragliche Leistungen), Art. 6 Abs. 1 lit. f DSGVO (Analyse, Statistik, Optimierung, Sicherheitsma\u00dfnahmen).\u00a0<\/p>\n<p>Wir verarbeiten Daten, die zur Erf\u00fcllung der vertraglichen Leistungen erforderlich sind und weisen auf die Erforderlichkeit ihrer Angabe hin. Eine Offenlegung an Externe erfolgt nur, wenn sie im Rahmen eines Auftrags erforderlich ist. Bei der Verarbeitung der uns im Rahmen eines Auftrags \u00fcberlassenen Daten handeln wir entsprechend den Weisungen der Auftraggeber sowie der gesetzlichen Vorgaben einer Auftragsverarbeitung gem. Art. 28 DSGVO und verarbeiten die Daten zu keinen anderen, als den auftragsgem\u00e4\u00dfen Zwecken.<\/p>\n<p>Wir l\u00f6schen die Daten nach Ablauf gesetzlicher Gew\u00e4hrleistungs- und vergleichbarer Pflichten. die Erforderlichkeit der Aufbewahrung der Daten wird alle drei Jahre \u00fcberpr\u00fcft; im Fall der gesetzlichen Archivierungspflichten erfolgt die L\u00f6schung nach deren Ablauf (6 J, gem. \u00a7 257 Abs. 1 HGB, 10 J, gem. \u00a7 147 Abs. 1 AO). Im Fall von Daten, die uns gegen\u00fcber im Rahmen eines Auftrags durch den Auftraggeber offengelegt wurden, l\u00f6schen wir die Daten entsprechend den Vorgaben des Auftrags, grunds\u00e4tzlich nach Ende des Auftrags.<\/p>\n<h2>Auftragsverarbeiter<\/h2>\n<p>Wir bedienen uns externen Dienstleister (Auftragsverarbeiter) z. B. f\u00fcr den Versand von Waren, Newsletter oder Zahlungsabwicklungen. Mit dem Dienstleister wurde eine separate Auftragsdatenverarbeitung geschlossen, um den Schutz Ihrer personenbezogenen Daten zu gew\u00e4hrleisten.<\/p>\n<h2>\u00a0<\/h2>\n<h2>Betroffenenrechte<\/h2>\n<ul>\n<li>Widerruf Ihrer Einwilligung<br \/>Sofern die Verarbeitung der personenbezogenen Daten auf einer erteilten Einwilligung beruht, haben Sie jederzeit das Recht, die Einwilligung zu widerrufen. Durch den Widerruf der Einwilligung wird die Rechtm\u00e4\u00dfigkeit der aufgrund der Einwilligung bis zum Widerruf erfolgten Verarbeitung nicht ber\u00fchrt.<\/li>\n<li>Recht auf Best\u00e4tigung<br \/>Sie haben das Recht, von dem Verantwortlichen eine Best\u00e4tigung dar\u00fcber zu verlangen, ob wir betreffende personenbezogene Daten verarbeiten. Die Best\u00e4tigung k\u00f6nnen Sie jederzeit unter den oben genannten Kontaktdaten verlangen.<\/li>\n<li>Auskunftsrecht<\/li>\n<li>Recht auf Berichtigung<\/li>\n<li>Recht auf L\u00f6schung (\u201eRecht auf vergessen werden\u201c)<\/li>\n<li>Recht auf Einschr\u00e4nkung der Verarbeitung<\/li>\n<li>Recht auf Daten\u00fcbertragbarkeit<\/li>\n<li>Widerspruchsrecht<\/li>\n<li>Automatisierte Entscheidungen im Einzelfall einschlie\u00dflich Profiling<\/li>\n<li>Recht auf Beschwerde bei einer Aufsichtsbeh\u00f6rde<\/li>\n<li>Recht auf wirksamen gerichtlichen Rechtsbehelf<\/li>\n<\/ul>\n<h2>\u00a0<\/h2>\n<h2>\u00c4nderung unserer Datenschutzbestimmungen<\/h2>\n<p>Wir behalten uns vor, diese Datenschutzerkl\u00e4rung anzupassen, damit sie stets den aktuellen rechtlichen Anforderungen entspricht oder um \u00c4nderungen unserer Leistungen in der Datenschutzerkl\u00e4rung umzusetzen, z.B. bei der Einf\u00fchrung neuer Services. F\u00fcr Ihren erneuten Besuch gilt dann die neue Datenschutzerkl\u00e4rung.<\/p>\n<p>Stand 25.05.2018<\/p>\n<p>\u00a0<\/p>\n","protected":false},"excerpt":{"rendered":"<p>Verantwortliche Stelle im Sinne der Datenschutzgesetze, insbesondere der EU-Datenschutzgrundverordnung (DSGVO): Elena Hars\u00e1nyi Connollystr. 25 80809 M\u00fcnchen E-Mail: kontakt@elena-harsanyi.de Sicherheit und Schutz Ihrer Daten Wir betrachten es als unsere vorrangige Aufgabe, die Vertraulichkeit der von Ihnen bereitgestellten personenbezogenen Daten zu wahren und diese vor unbefugten Zugriffen zu sch\u00fctzen. Deshalb wenden wir &hellip; <a href=\"https:\/\/elena-harsanyi.de\/de\/datenschutz\/\" class=\"more-link\"><span class=\"screen-reader-text\">&#8222;Datenschutz&#8220; <\/span>weiterlesen<\/a><\/p>\n","protected":false},"author":1,"featured_media":0,"parent":0,"menu_order":0,"comment_status":"closed","ping_status":"closed","template":"","meta":[],"acf":[],"_links":{"self":[{"href":"https:\/\/elena-harsanyi.de\/de\/wp-json\/wp\/v2\/pages\/568"}],"collection":[{"href":"https:\/\/elena-harsanyi.de\/de\/wp-json\/wp\/v2\/pages"}],"about":[{"href":"https:\/\/elena-harsanyi.de\/de\/wp-json\/wp\/v2\/types\/page"}],"author":[{"embeddable":true,"href":"https:\/\/elena-harsanyi.de\/de\/wp-json\/wp\/v2\/users\/1"}],"replies":[{"embeddable":true,"href":"https:\/\/elena-harsanyi.de\/de\/wp-json\/wp\/v2\/comments?post=568"}],"version-history":[{"count":2,"href":"https:\/\/elena-harsanyi.de\/de\/wp-json\/wp\/v2\/pages\/568\/revisions"}],"predecessor-version":[{"id":632,"href":"https:\/\/elena-harsanyi.de\/de\/wp-json\/wp\/v2\/pages\/568\/revisions\/632"}],"wp:attachment":[{"href":"https:\/\/elena-harsanyi.de\/de\/wp-json\/wp\/v2\/media?parent=568"}],"curies":[{"name":"wp","href":"https:\/\/api.w.org\/{rel}","templated":true}]}}