{"id":2,"date":"2016-10-13T08:56:36","date_gmt":"2016-10-13T06:56:36","guid":{"rendered":"https:\/\/elena-harsanyi.de\/?page_id=2"},"modified":"2022-03-18T13:36:48","modified_gmt":"2022-03-18T12:36:48","slug":"start","status":"publish","type":"page","link":"https:\/\/elena-harsanyi.de\/de\/","title":{"rendered":"Immer alles in Frage stellen. \u2013 Kann man das, darf man das als K\u00fcnstler?"},"content":{"rendered":"\r\n<p>F\u00fcr Elena Hars\u00e1nyi, trotz ihres jugendlichen Alters schon vielfach ausgezeichnete Sopranistin, geh\u00f6rt es zu ihrem k\u00fcnstlerischen Selbstverst\u00e4ndnis. Sie kommt auf die B\u00fchne mit zahllosen Fragezeichen &#8211; spannenden Fragezeichen: hast Du davon schon mal geh\u00f6rt? \u2013 Spricht es Dich an? Findest du es sch\u00f6n? \u2013 Verstehst Du die Emotion? \u2013 Was sagt Dein Verstand dazu? \u2013 Warum wird das nach Jahrzehnten und Jahrhunderten noch immer aufgef\u00fchrt? Und warum tut man das \u00fcberhaupt \u2013 Singen und Musizieren?<\/p>\r\n","protected":false},"excerpt":{"rendered":"<p>F\u00fcr Elena Hars\u00e1nyi, trotz ihres jugendlichen Alters schon vielfach ausgezeichnete Sopranistin, geh\u00f6rt es zu ihrem k\u00fcnstlerischen Selbstverst\u00e4ndnis. Sie kommt auf die B\u00fchne mit zahllosen Fragezeichen &#8211; spannenden Fragezeichen: hast Du davon schon mal geh\u00f6rt? \u2013 Spricht es Dich an? Findest du es sch\u00f6n? \u2013 Verstehst Du die Emotion? \u2013 Was &hellip; <a href=\"https:\/\/elena-harsanyi.de\/de\/\" class=\"more-link\"><span class=\"screen-reader-text\">&#8222;Immer alles in Frage stellen. \u2013 Kann man das, darf man das als K\u00fcnstler?&#8220; <\/span>weiterlesen<\/a><\/p>\n","protected":false},"author":1,"featured_media":0,"parent":0,"menu_order":0,"comment_status":"closed","ping_status":"closed","template":"","meta":[],"acf":[],"_links":{"self":[{"href":"https:\/\/elena-harsanyi.de\/de\/wp-json\/wp\/v2\/pages\/2"}],"collection":[{"href":"https:\/\/elena-harsanyi.de\/de\/wp-json\/wp\/v2\/pages"}],"about":[{"href":"https:\/\/elena-harsanyi.de\/de\/wp-json\/wp\/v2\/types\/page"}],"author":[{"embeddable":true,"href":"https:\/\/elena-harsanyi.de\/de\/wp-json\/wp\/v2\/users\/1"}],"replies":[{"embeddable":true,"href":"https:\/\/elena-harsanyi.de\/de\/wp-json\/wp\/v2\/comments?post=2"}],"version-history":[{"count":13,"href":"https:\/\/elena-harsanyi.de\/de\/wp-json\/wp\/v2\/pages\/2\/revisions"}],"predecessor-version":[{"id":895,"href":"https:\/\/elena-harsanyi.de\/de\/wp-json\/wp\/v2\/pages\/2\/revisions\/895"}],"wp:attachment":[{"href":"https:\/\/elena-harsanyi.de\/de\/wp-json\/wp\/v2\/media?parent=2"}],"curies":[{"name":"wp","href":"https:\/\/api.w.org\/{rel}","templated":true}]}}