{"id":11,"date":"2016-10-13T09:00:25","date_gmt":"2016-10-13T07:00:25","guid":{"rendered":"https:\/\/elena-harsanyi.de\/?page_id=11"},"modified":"2025-05-12T13:55:05","modified_gmt":"2025-05-12T11:55:05","slug":"werdegang","status":"publish","type":"page","link":"https:\/\/elena-harsanyi.de\/de\/werdegang\/","title":{"rendered":"WERDEGANG"},"content":{"rendered":"<p class=\"p1\">Elena Hars\u00e1nyi wurde in Aachen in eine Familie hinein geboren, in der das gemeinsame Singen immer fester Bestandteil des allt\u00e4glichen Lebens war \u2014 nicht professionell, sondern als verbindendes soziales Element, als M\u00f6glichkeit Emotionen auszudr\u00fccken und zu verarbeiten. So verwundert es nicht, dass ein erstes Opernerlebnis am Stadttheater Aachen an ihrem vierten Geburtstag \u2014 nat\u00fcrlich mit Mozarts Zauberfl\u00f6te \u2014\u00a0 schlagartig die Liebe zur klassischen Musik weckte. Nachdem sich die Lust am Singen auch in Kindheit und Jugend hielt und sich erste Erfolge des Gesangsunterrichts bei Frau Dr. Barbara Hebborn in Bonn in Form von Gewinnen bei\u00a0<i>Jugend Musiziert<\/i>\u00a0und intensiven B\u00fchnenerfahrungen bei Opernprojekten der Stiftung\u00a0<i>Ludwig-van-B.<\/i>\u00a0einstellten, erwuchs langsam die Idee, das Singen \u00fcber die Leidenschaft hinaus zu professionalisieren. Es folgten ein Bachelorstudium an der\u00a0<i>Hochschule f\u00fcr Musik Saar<\/i>\u00a0bei Frau Prof. Ruth Ziesak in den Bereichen Musiktheater und Gesangsp\u00e4dagogik sowie ein Master Konzertgesang und Lied an der<i>\u00a0Hochschule f\u00fcr Musik und Theater M\u00fcnchen<\/i>\u00a0bei Frau Prof. Christiane Iven. Von diesen (ausdrucks-)starken Frauen und K\u00fcnstlerinnen lernen zu k\u00f6nnen, die sich ihren eigenen Weg zu einem internationalen Renommee sowohl im Opern- als auch Lied- und Konzertbereich gebahnt haben, war eine Inspiration und ein starker Impuls bei der Suche nach dem eigenen k\u00fcnstlerischen Pfad.<span class=\"Apple-converted-space\">\u00a0<\/span><\/p>\n<p>Dieser f\u00fchrte bereits w\u00e4hrend des Studiums auf die Opernb\u00fchne des<i> Saarl\u00e4ndischen Staatstheaters<\/i>, wo sich aus kleinen Gastpartien \u00fcber zwei Spielzeiten hinweg schlie\u00dflich 2016\/17 ein erstes Festengagement ergab. Highlights waren hier Rollen wie Maria in Bernsteins <i>West Side Story<\/i> oder Clarine in der Ballettoper <i>Plat\u00e9e<\/i> von Rameau mit Dirigent Christopher Ward. Von 2019 bis 2024 war sie Ensemblemitglied am <i>Oldenburgischen Staatstheate<\/i>r und erweiterte ihr Repertoire um Rollen wie Gretel in Humperdincks M\u00e4rchenoper <i>H\u00e4nsel und Gretel<\/i>, <i>Zaide<\/i> in Mozarts gleichnamiger Oper oder Lauretta in <i>Gianni Schicchi<\/i> von Puccini. Die Rolle der Pamina aus Mozarts <i>Zauberfl\u00f6te<\/i> hat f\u00fcr sie einen besonderen Stellenwert: nach Produktionen bei den <i>Schlossfestspielen Ettlingen<\/i> und den <i>Herrenchiemsee Festspielen<\/i> mit der <i>Hofkapelle M\u00fcnchen<\/i> unter R\u00fcdiger Lotter, geh\u00f6rt ihr Auftritt am <i>Stadttheater Aachen<\/i> im M\u00e4rz 2025 zu einem der besonderen Momente ihres bisherigen Werdegangs, wurde doch der Grundstein f\u00fcr ihren Berufswunsch in der Kindheit genau an diesem Ort mit genau dieser Oper gelegt. Weitere H\u00f6hepunkte sind ihr Rollendebut als Galat\u00e9e in Lullys\u00a0<i>Acis et Galat\u00e9e<\/i>\u00a0am\u00a0<i>Teatro Maggio Musicale Fiorentino<\/i>\u00a0unter der Leitung von Federico Maria Sardelli in einer Inszenierung von Benjamin Lazar im Sommer 2022, sowie die Partie der Alphise in Rameaus<i> Les Bor\u00e9ades<\/i> in der deutschen Erstinszenierung 2021 durch Christoph von Bernuth am <i>Oldenburgischen Staatstheater<\/i>.<\/p>\n","protected":false},"excerpt":{"rendered":"<p>Elena Hars\u00e1nyi wurde in Aachen in eine Familie hinein geboren, in der das gemeinsame Singen immer fester Bestandteil des allt\u00e4glichen Lebens war \u2014 nicht professionell, sondern als verbindendes soziales Element, als M\u00f6glichkeit Emotionen auszudr\u00fccken und zu verarbeiten. So verwundert es nicht, dass ein erstes Opernerlebnis am Stadttheater Aachen an ihrem &hellip; <a href=\"https:\/\/elena-harsanyi.de\/de\/werdegang\/\" class=\"more-link\"><span class=\"screen-reader-text\">&#8222;WERDEGANG&#8220; <\/span>weiterlesen<\/a><\/p>\n","protected":false},"author":1,"featured_media":0,"parent":0,"menu_order":0,"comment_status":"closed","ping_status":"closed","template":"","meta":[],"acf":[],"_links":{"self":[{"href":"https:\/\/elena-harsanyi.de\/de\/wp-json\/wp\/v2\/pages\/11"}],"collection":[{"href":"https:\/\/elena-harsanyi.de\/de\/wp-json\/wp\/v2\/pages"}],"about":[{"href":"https:\/\/elena-harsanyi.de\/de\/wp-json\/wp\/v2\/types\/page"}],"author":[{"embeddable":true,"href":"https:\/\/elena-harsanyi.de\/de\/wp-json\/wp\/v2\/users\/1"}],"replies":[{"embeddable":true,"href":"https:\/\/elena-harsanyi.de\/de\/wp-json\/wp\/v2\/comments?post=11"}],"version-history":[{"count":32,"href":"https:\/\/elena-harsanyi.de\/de\/wp-json\/wp\/v2\/pages\/11\/revisions"}],"predecessor-version":[{"id":1233,"href":"https:\/\/elena-harsanyi.de\/de\/wp-json\/wp\/v2\/pages\/11\/revisions\/1233"}],"wp:attachment":[{"href":"https:\/\/elena-harsanyi.de\/de\/wp-json\/wp\/v2\/media?parent=11"}],"curies":[{"name":"wp","href":"https:\/\/api.w.org\/{rel}","templated":true}]}}